{"id":800,"date":"2023-02-07T11:22:08","date_gmt":"2023-02-07T11:22:08","guid":{"rendered":"https:\/\/mercedesviartola.com\/?page_id=800"},"modified":"2024-10-14T10:20:33","modified_gmt":"2024-10-14T08:20:33","slug":"proximas-experiencias","status":"publish","type":"page","link":"https:\/\/mercedesviartola.com\/index.php\/proximas-experiencias\/","title":{"rendered":"Pr\u00f3ximas experiencias"},"content":{"rendered":"\n\n\n  <div id=\"page-header-372913191\" class=\"page-header-wrapper\">\n  <div class=\"page-title light normal-title has-parallax\">\n\n        <div class=\"page-title-bg\">\n      <div class=\"title-bg fill bg-fill\"\n        data-parallax-container=\".page-title\"\n        data-parallax-background\n        data-parallax=\"-10\">\n      <\/div>\n      <div class=\"title-overlay fill\"><\/div>\n    <\/div>\n    \n    <div class=\"page-title-inner container align-center flex-row medium-flex-wrap\" >\n            <div class=\"title-content flex-col flex-right text-right medium-text-center\">\n        <div class=\"title-breadcrumbs pb-half pt-half\"><\/div>      <\/div>\n    <\/div><!-- flex-row -->\n\n     \n<style scope=\"scope\">\n\n#page-header-372913191 .page-title-inner {\n  min-height: 500px;\n}\n#page-header-372913191 .title-bg {\n  background-image: url(https:\/\/mercedesviartola.com\/wp-content\/uploads\/2022\/06\/reinis-birznieks-lu5uhEAy2lI-unsplash-scaled.jpg);\n  background-position: 13% 0%;\n}\n#page-header-372913191 .title-overlay {\n  background-color: rgba(255, 255, 255, 0.5);\n}\n<\/style>\n  <\/div><!-- .page-title -->\n    <\/div><!-- .page-header-wrapper -->\n  \n\n\n  <div class=\"banner has-hover\" id=\"banner-977263866\">\n          <div class=\"banner-inner fill\">\n        <div class=\"banner-bg fill\" >\n            <div class=\"bg fill bg-fill \"><\/div>\n                                    \n                    <\/div><!-- bg-layers -->\n        <div class=\"banner-layers container\">\n            <div class=\"fill banner-link\"><\/div>            \n\n   <div id=\"text-box-488006041\" class=\"text-box banner-layer x50 md-x50 lg-x50 y20 md-y20 lg-y20 res-text\">\n                                <div class=\"text \">\n              \n              <div class=\"text-inner text-center\">\n                  \n\n<div class=\"container section-title-container\" ><h2 class=\"section-title section-title-center\"><b><\/b><span class=\"section-title-main\" style=\"color:rgb(137, 201, 205);\">PR\u00d3XIMAS EXPERIENCIAS<\/span><b><\/b><\/h2><\/div><!-- .section-title -->\n\n<p style=\"text-align: left;\">Para reservar tu plaza, o registrarte a la lista de espera de cualquiera de los talleres y eventos que ves m\u00e1s abajo, <a href=\"https:\/\/us2.list-manage.com\/contact-form?u=e74b767627bd6613c1e076490&amp;form_id=49bed9e9327fcccefddd6168e08a8a79\" target=\"_blank\" rel=\"noopener\"><strong>d\u00e9jame tu nombre y correo electr\u00f3nico pinchando aqu\u00ed y m\u00e1ndame un mensaje con el t\u00edtulo en el que est\u00e1s interesadx.<\/strong> <\/a><\/p>\n<p style=\"text-align: left;\">Me pondr\u00e9 en contacto contigo lo antes posible para confirmar tu reserva y ser\u00e1s la primera persona en enterarte del <strong>d\u00eda, hora y lugar en el que tendr\u00e1 lugar el evento.<\/strong><\/p>\n<p style=\"text-align: left;\">Entonces, s\u00f3lo tendr\u00e1s que chequear en tu calendario que te va bien y <strong>confirmar tu plaza<\/strong>\u00a0\ud83d\ude42<\/p>\n<p>\u00a0<\/p>\n<p style=\"text-align: left;\"><a href=\"https:\/\/mercedesviartola.com\/index.php\/experiencias-anteriores\/\"><strong>Puedes ver las experiencias anteriores pinchando aqu\u00ed<\/strong><\/a><\/p>\n\n              <\/div>\n           <\/div><!-- text-box-inner -->\n                            \n<style scope=\"scope\">\n\n#text-box-488006041 {\n  width: 90%;\n}\n#text-box-488006041 .text {\n  font-size: 100%;\n}\n<\/style>\n    <\/div><!-- text-box -->\n \n\n        <\/div><!-- .banner-layers -->\n      <\/div><!-- .banner-inner -->\n\n            \n<style scope=\"scope\">\n\n#banner-977263866 {\n  padding-top: 500px;\n}\n<\/style>\n  <\/div><!-- .banner -->\n\n\n\t<section class=\"section\" id=\"section_1063979888\">\n\t\t<div class=\"bg section-bg fill bg-fill  bg-loaded\" >\n\n\t\t\t\n\t\t\t<div class=\"section-bg-overlay absolute fill\"><\/div>\n\t\t\t\n\n\t\t<\/div><!-- .section-bg -->\n\n\t\t<div class=\"section-content relative\">\n\t\t\t\n\n<div class=\"row row-collapse row-full-width align-middle\"  id=\"row-1276271338\">\n\n<div class=\"col medium-6 small-12 large-6\"  ><div class=\"col-inner\"  >\n\n\t<div class=\"img has-hover x md-x lg-x y md-y lg-y\" id=\"image_1277020194\">\n\t\t\t\t\t\t\t\t<div class=\"img-inner dark\" >\n\t\t\t<img loading=\"lazy\" decoding=\"async\" width=\"724\" height=\"1024\" src=\"https:\/\/mercedesviartola.com\/wp-content\/uploads\/2024\/10\/YOGA-BREAKFAST-ECSENCIA-OCTUBRE-724x1024.jpg\" class=\"attachment-large size-large\" alt=\"\" srcset=\"https:\/\/mercedesviartola.com\/wp-content\/uploads\/2024\/10\/YOGA-BREAKFAST-ECSENCIA-OCTUBRE-724x1024.jpg 724w, https:\/\/mercedesviartola.com\/wp-content\/uploads\/2024\/10\/YOGA-BREAKFAST-ECSENCIA-OCTUBRE-212x300.jpg 212w, https:\/\/mercedesviartola.com\/wp-content\/uploads\/2024\/10\/YOGA-BREAKFAST-ECSENCIA-OCTUBRE-768x1086.jpg 768w, https:\/\/mercedesviartola.com\/wp-content\/uploads\/2024\/10\/YOGA-BREAKFAST-ECSENCIA-OCTUBRE-1086x1536.jpg 1086w, https:\/\/mercedesviartola.com\/wp-content\/uploads\/2024\/10\/YOGA-BREAKFAST-ECSENCIA-OCTUBRE-1448x2048.jpg 1448w, https:\/\/mercedesviartola.com\/wp-content\/uploads\/2024\/10\/YOGA-BREAKFAST-ECSENCIA-OCTUBRE.jpg 1587w\" sizes=\"auto, (max-width: 724px) 100vw, 724px\" \/>\t\t\t\t\t\t\n\t\t\t\t\t<\/div>\n\t\t\t\t\t\t\t\t\n<style scope=\"scope\">\n\n#image_1277020194 {\n  width: 88%;\n}\n<\/style>\n\t<\/div>\n\t\n\n\n<\/div><\/div>\n<div class=\"col medium-6 small-12 large-6\"  ><div class=\"col-inner text-center\" style=\"max-width:520px;padding:10% 10% 10% 10%;\" >\n\n<h1><span style=\"color: #89c9cd;\">YOGA BREAKFAST<\/span><\/h1>\n<div>\n<p class=\"p1\">El pr\u00f3ximo s\u00e1bado 26 de Octubre nos reunimos en Eszencia, la terraza del auditorio El Batel para una nueva edici\u00f3n de Yoga &amp; Breakfast.<\/p>\n<p class=\"p1\">Durante la ma\u00f1ana disfrutaremos de una clase de Hatha yoga apta para todos los niveles, para despu\u00e9s deleitarnos con un desayuno s\u00faper completo a cargo de Eszencia que incluir\u00e1 caf\u00e9, infusiones, tostadas variadas, zumos naturales y como no\u2026 un toque dulce con unos deliciosos brownies de chocolate caseros, todo esto con unas maravillosas vistas al puerto de Cartagena.<\/p>\n<\/div>\n<div>\n<p class=\"p1\">Las plazas son limitadas, reservar la tuya haciendo click en el bot\u00f3n \ud83d\ude42<\/p>\n<\/div>\n<a rel=\"noopener noreferrer\" href=\"https:\/\/us2.list-manage.com\/contact-form?u=e74b767627bd6613c1e076490&#038;form_id=49bed9e9327fcccefddd6168e08a8a79\" target=\"_blank\" class=\"button success\"  >\n    <span>\u00a1Quiero asistir!<\/span>\n  <\/a>\n\n\n\n<\/div><\/div>\n\n\n<style scope=\"scope\">\n\n<\/style>\n<\/div>\n\n\t\t<\/div><!-- .section-content -->\n\n\t\t\n<style scope=\"scope\">\n\n#section_1063979888 {\n  padding-top: 0px;\n  padding-bottom: 0px;\n  background-color: #000000;\n}\n#section_1063979888 .section-bg-overlay {\n  background-color: rgba(255, 255, 255, 0.85);\n}\n<\/style>\n\t<\/section>\n\t\n\n  <div class=\"banner has-hover\" id=\"banner-311696673\">\n          <div class=\"banner-inner fill\">\n        <div class=\"banner-bg fill\" >\n            <div class=\"bg fill bg-fill \"><\/div>\n                                    \n                    <\/div><!-- bg-layers -->\n        <div class=\"banner-layers container\">\n            <div class=\"fill banner-link\"><\/div>            \n\n   <div id=\"text-box-1366092003\" class=\"text-box banner-layer x50 md-x50 lg-x50 y50 md-y50 lg-y50 res-text\">\n                                <div class=\"text \">\n              \n              <div class=\"text-inner text-center\">\n                  \n\n<h2 style=\"text-align: left;\"><span style=\"color: #89c9cd;\"><strong>YIN RESTAURATIVO<\/strong><\/span><\/h2>\n<p style=\"text-align: left;\">bimensual<\/p>\n<h2 style=\"text-align: left;\"><span style=\"color: #89c9cd;\"><strong>YOGA &amp; BRUNCH<\/strong><\/span><\/h2>\n<p style=\"text-align: left;\">pr\u00f3ximamente<\/p>\n<h2 style=\"text-align: left;\"><span style=\"color: #89c9cd;\"><strong>ONE DAY RETREAT<\/strong><\/span><\/h2>\n<p style=\"text-align: left;\">pr\u00f3ximamente<\/p>\n\n              <\/div>\n           <\/div><!-- text-box-inner -->\n                            \n<style scope=\"scope\">\n\n#text-box-1366092003 {\n  width: 90%;\n}\n#text-box-1366092003 .text {\n  font-size: 100%;\n}\n<\/style>\n    <\/div><!-- text-box -->\n \n\n        <\/div><!-- .banner-layers -->\n      <\/div><!-- .banner-inner -->\n\n            \n<style scope=\"scope\">\n\n#banner-311696673 {\n  padding-top: 500px;\n}\n<\/style>\n  <\/div><!-- .banner -->\n\n\n\n","protected":false},"excerpt":{"rendered":"","protected":false},"author":1,"featured_media":0,"parent":0,"menu_order":0,"comment_status":"closed","ping_status":"closed","template":"","meta":{"footnotes":""},"class_list":["post-800","page","type-page","status-publish","hentry"],"yoast_head":"<!-- This site is optimized with the Yoast SEO plugin v27.5 - https:\/\/yoast.com\/product\/yoast-seo-wordpress\/ -->\n<title>Pr\u00f3ximas experiencias - Mercedes Viartola<\/title>\n<meta name=\"description\" content=\"Pr\u00f3ximas experiencias - yoga y bienestar - Mercedes Viartola\" \/>\n<meta name=\"robots\" content=\"index, follow, max-snippet:-1, max-image-preview:large, max-video-preview:-1\" \/>\n<link rel=\"canonical\" href=\"https:\/\/mercedesviartola.com\/index.php\/proximas-experiencias\/\" \/>\n<meta property=\"og:locale\" content=\"es_ES\" \/>\n<meta property=\"og:type\" content=\"article\" \/>\n<meta property=\"og:title\" content=\"Pr\u00f3ximas experiencias - Mercedes Viartola\" \/>\n<meta property=\"og:description\" content=\"Pr\u00f3ximas experiencias - yoga y bienestar - Mercedes Viartola\" \/>\n<meta property=\"og:url\" content=\"https:\/\/mercedesviartola.com\/index.php\/proximas-experiencias\/\" \/>\n<meta property=\"og:site_name\" content=\"Mercedes Viartola\" \/>\n<meta property=\"article:modified_time\" content=\"2024-10-14T08:20:33+00:00\" \/>\n<meta name=\"twitter:card\" content=\"summary_large_image\" \/>\n<script type=\"application\/ld+json\" class=\"yoast-schema-graph\">{\"@context\":\"https:\\\/\\\/schema.org\",\"@graph\":[{\"@type\":\"WebPage\",\"@id\":\"https:\\\/\\\/mercedesviartola.com\\\/index.php\\\/proximas-experiencias\\\/\",\"url\":\"https:\\\/\\\/mercedesviartola.com\\\/index.php\\\/proximas-experiencias\\\/\",\"name\":\"Pr\u00f3ximas experiencias - Mercedes Viartola\",\"isPartOf\":{\"@id\":\"https:\\\/\\\/mercedesviartola.com\\\/#website\"},\"datePublished\":\"2023-02-07T11:22:08+00:00\",\"dateModified\":\"2024-10-14T08:20:33+00:00\",\"description\":\"Pr\u00f3ximas experiencias - yoga y bienestar - Mercedes Viartola\",\"breadcrumb\":{\"@id\":\"https:\\\/\\\/mercedesviartola.com\\\/index.php\\\/proximas-experiencias\\\/#breadcrumb\"},\"inLanguage\":\"es\",\"potentialAction\":[{\"@type\":\"ReadAction\",\"target\":[\"https:\\\/\\\/mercedesviartola.com\\\/index.php\\\/proximas-experiencias\\\/\"]}]},{\"@type\":\"BreadcrumbList\",\"@id\":\"https:\\\/\\\/mercedesviartola.com\\\/index.php\\\/proximas-experiencias\\\/#breadcrumb\",\"itemListElement\":[{\"@type\":\"ListItem\",\"position\":1,\"name\":\"Portada\",\"item\":\"https:\\\/\\\/mercedesviartola.com\\\/\"},{\"@type\":\"ListItem\",\"position\":2,\"name\":\"Pr\u00f3ximas experiencias\"}]},{\"@type\":\"WebSite\",\"@id\":\"https:\\\/\\\/mercedesviartola.com\\\/#website\",\"url\":\"https:\\\/\\\/mercedesviartola.com\\\/\",\"name\":\"Mercedes Viartola\",\"description\":\"Yoga para habitar el cuerpo\",\"potentialAction\":[{\"@type\":\"SearchAction\",\"target\":{\"@type\":\"EntryPoint\",\"urlTemplate\":\"https:\\\/\\\/mercedesviartola.com\\\/?s={search_term_string}\"},\"query-input\":{\"@type\":\"PropertyValueSpecification\",\"valueRequired\":true,\"valueName\":\"search_term_string\"}}],\"inLanguage\":\"es\"}]}<\/script>\n<!-- \/ Yoast SEO plugin. -->","yoast_head_json":{"title":"Pr\u00f3ximas experiencias - Mercedes Viartola","description":"Pr\u00f3ximas experiencias - yoga y bienestar - Mercedes Viartola","robots":{"index":"index","follow":"follow","max-snippet":"max-snippet:-1","max-image-preview":"max-image-preview:large","max-video-preview":"max-video-preview:-1"},"canonical":"https:\/\/mercedesviartola.com\/index.php\/proximas-experiencias\/","og_locale":"es_ES","og_type":"article","og_title":"Pr\u00f3ximas experiencias - Mercedes Viartola","og_description":"Pr\u00f3ximas experiencias - yoga y bienestar - Mercedes Viartola","og_url":"https:\/\/mercedesviartola.com\/index.php\/proximas-experiencias\/","og_site_name":"Mercedes Viartola","article_modified_time":"2024-10-14T08:20:33+00:00","twitter_card":"summary_large_image","schema":{"@context":"https:\/\/schema.org","@graph":[{"@type":"WebPage","@id":"https:\/\/mercedesviartola.com\/index.php\/proximas-experiencias\/","url":"https:\/\/mercedesviartola.com\/index.php\/proximas-experiencias\/","name":"Pr\u00f3ximas experiencias - Mercedes Viartola","isPartOf":{"@id":"https:\/\/mercedesviartola.com\/#website"},"datePublished":"2023-02-07T11:22:08+00:00","dateModified":"2024-10-14T08:20:33+00:00","description":"Pr\u00f3ximas experiencias - yoga y bienestar - Mercedes Viartola","breadcrumb":{"@id":"https:\/\/mercedesviartola.com\/index.php\/proximas-experiencias\/#breadcrumb"},"inLanguage":"es","potentialAction":[{"@type":"ReadAction","target":["https:\/\/mercedesviartola.com\/index.php\/proximas-experiencias\/"]}]},{"@type":"BreadcrumbList","@id":"https:\/\/mercedesviartola.com\/index.php\/proximas-experiencias\/#breadcrumb","itemListElement":[{"@type":"ListItem","position":1,"name":"Portada","item":"https:\/\/mercedesviartola.com\/"},{"@type":"ListItem","position":2,"name":"Pr\u00f3ximas experiencias"}]},{"@type":"WebSite","@id":"https:\/\/mercedesviartola.com\/#website","url":"https:\/\/mercedesviartola.com\/","name":"Mercedes Viartola","description":"Yoga para habitar el cuerpo","potentialAction":[{"@type":"SearchAction","target":{"@type":"EntryPoint","urlTemplate":"https:\/\/mercedesviartola.com\/?s={search_term_string}"},"query-input":{"@type":"PropertyValueSpecification","valueRequired":true,"valueName":"search_term_string"}}],"inLanguage":"es"}]}},"_links":{"self":[{"href":"https:\/\/mercedesviartola.com\/index.php\/wp-json\/wp\/v2\/pages\/800","targetHints":{"allow":["GET"]}}],"collection":[{"href":"https:\/\/mercedesviartola.com\/index.php\/wp-json\/wp\/v2\/pages"}],"about":[{"href":"https:\/\/mercedesviartola.com\/index.php\/wp-json\/wp\/v2\/types\/page"}],"author":[{"embeddable":true,"href":"https:\/\/mercedesviartola.com\/index.php\/wp-json\/wp\/v2\/users\/1"}],"replies":[{"embeddable":true,"href":"https:\/\/mercedesviartola.com\/index.php\/wp-json\/wp\/v2\/comments?post=800"}],"version-history":[{"count":23,"href":"https:\/\/mercedesviartola.com\/index.php\/wp-json\/wp\/v2\/pages\/800\/revisions"}],"predecessor-version":[{"id":1125,"href":"https:\/\/mercedesviartola.com\/index.php\/wp-json\/wp\/v2\/pages\/800\/revisions\/1125"}],"wp:attachment":[{"href":"https:\/\/mercedesviartola.com\/index.php\/wp-json\/wp\/v2\/media?parent=800"}],"curies":[{"name":"wp","href":"https:\/\/api.w.org\/{rel}","templated":true}]}}