{"id":6,"date":"2022-04-01T10:36:52","date_gmt":"2022-04-01T10:36:52","guid":{"rendered":"https:\/\/mercedesviartola.com\/?page_id=6"},"modified":"2022-05-24T16:27:29","modified_gmt":"2022-05-24T16:27:29","slug":"home","status":"publish","type":"page","link":"https:\/\/mercedesviartola.com\/index.php\/home\/","title":{"rendered":"Home (not using)"},"content":{"rendered":"\n\n  <div class=\"banner has-hover is-full-height has-parallax\" id=\"banner-58797052\">\n          <div class=\"banner-inner fill\">\n        <div class=\"banner-bg fill\" data-parallax=\"-10\" data-parallax-container=\".banner\" data-parallax-background>\n            <div class=\"bg fill bg-fill \"><\/div>\n                        <div class=\"overlay\"><\/div>            \n                    <\/div><!-- bg-layers -->\n        <div class=\"banner-layers container\">\n            <div class=\"fill banner-link\"><\/div>            \n\n   <div id=\"text-box-1754851512\" class=\"text-box banner-layer x50 md-x50 lg-x50 y15 md-y15 lg-y15 res-text\">\n                                <div class=\"text \">\n              \n              <div class=\"text-inner text-center\">\n                  \n\n<p style=\"text-align: left;\"><span style=\"font-weight: 400; font-size: 100%;\">Hola! Soy Mercedes y te doy la bienvenida a mi espacio de <strong>bienestar y creatividad<\/strong>. <\/span><\/p>\n<p style=\"text-align: left;\"><span style=\"font-weight: 400; font-size: 100%;\">Si\u00e9ntete como en casa y deja que te cuente <strong>c\u00f3mo puedo ayudarte<\/strong> en base a tus necesidades.<\/span><\/p>\n<p style=\"text-align: left;\"><span style=\"font-size: 100%;\"><span style=\"font-weight: 400;\">Si necesitas <strong>desconectar, cuidarte<\/strong> y comenzar a tratar problemas como los dolores de cuerpo tensionales o por malas posturas, estr\u00e9s y ansiedad, dir\u00edgete al espacio <strong><a href=\"https:\/\/mercedesviartola.com\/movimiento-consciente\/\">movimiento consciente<\/a>. <\/strong><\/span><span style=\"font-weight: 400;\">Ah\u00ed, te cuento mucho m\u00e1s sobre mis clases de <strong>yoga postural moderno<\/strong> y todo lo que pueden hacer por ti.<\/span><\/span><\/p>\n<p style=\"text-align: left;\"><span style=\"font-size: 100%;\"><span style=\"font-weight: 400;\">Si <\/span><span style=\"font-weight: 400;\">quieres darle un nuevo toque a las paredes de tu casa con <strong>im\u00e1genes \u00fanicas<\/strong> en impresi\u00f3n de alta calidad o necesitas un regalo original para amantes del arte, entonces te invito a pasar al espacio <a href=\"https:\/\/www.inprnt.com\/gallery\/teleutev\/\"><strong>arte y fotograf\u00eda<\/strong><\/a><\/span><span style=\"font-weight: 400;\"> y descubrir un mundo lleno de fantas\u00eda, color y diversidad.<\/span><\/span><\/p>\n<p style=\"text-align: left;\"><span style=\"font-size: 100%;\"><strong>Nos vemos dentro<\/strong><\/span><\/p>\n\n              <\/div>\n           <\/div><!-- text-box-inner -->\n                            \n<style scope=\"scope\">\n\n#text-box-1754851512 {\n  width: 60%;\n}\n#text-box-1754851512 .text {\n  font-size: 100%;\n}\n<\/style>\n    <\/div><!-- text-box -->\n \n\n        <\/div><!-- .banner-layers -->\n      <\/div><!-- .banner-inner -->\n\n            \n<style scope=\"scope\">\n\n#banner-58797052 {\n  padding-top: 100%;\n}\n#banner-58797052 .bg.bg-loaded {\n  background-image: url(https:\/\/mercedesviartola.com\/wp-content\/uploads\/2022\/05\/ginny-rose-stewart-UxkcSzRWM2s-unsplash-scaled.jpg);\n}\n#banner-58797052 .overlay {\n  background-color: rgba(255, 255, 255, 0.88);\n}\n#banner-58797052 .bg {\n  background-position: 49% 0%;\n}\n\n\n@media (min-width:550px) {\n\n  #banner-58797052 {\n    padding-top: 100%;\n  }\n\n}\n<\/style>\n  <\/div><!-- .banner -->\n\n\n\t<div id=\"gap-792560184\" class=\"gap-element clearfix\" style=\"display:block; height:auto;\">\n\t\t\n<style scope=\"scope\">\n\n#gap-792560184 {\n  padding-top: 30px;\n}\n<\/style>\n\t<\/div>\n\t\n\n\n  <div class=\"banner has-hover\" id=\"banner-623712547\">\n          <div class=\"banner-inner fill\">\n        <div class=\"banner-bg fill\" >\n            <div class=\"bg fill bg-fill \"><\/div>\n                                    \n                    <\/div><!-- bg-layers -->\n        <div class=\"banner-layers container\">\n            <div class=\"fill banner-link\"><\/div>            \n\n   <div id=\"text-box-1387694240\" class=\"text-box banner-layer x95 md-x95 lg-x95 y0 md-y0 lg-y0 res-text\">\n                                <div class=\"text \">\n              \n              <div class=\"text-inner text-center\">\n                  \n\n<h2>Lo \u00faltimo en el Blog<\/h2>\n\t<div id=\"gap-1780570255\" class=\"gap-element clearfix\" style=\"display:block; height:auto;\">\n\t\t\n<style scope=\"scope\">\n\n#gap-1780570255 {\n  padding-top: 30px;\n}\n<\/style>\n\t<\/div>\n\t\n\n<div class=\"row\"  id=\"row-720322091\">\n\n<div class=\"col medium-10 small-12 large-10\"  ><div class=\"col-inner\"  >\n\n\n  \n    <div class=\"row large-columns-3 medium-columns-1 small-columns-1 row-large slider row-slider slider-nav-reveal slider-nav-push\"  data-flickity-options='{\"imagesLoaded\": true, \"groupCells\": \"100%\", \"dragThreshold\" : 5, \"cellAlign\": \"left\",\"wrapAround\": true,\"prevNextButtons\": true,\"percentPosition\": true,\"pageDots\": false, \"rightToLeft\": false, \"autoPlay\" : false}'>\n\n  \t\t<div class=\"col post-item\" >\n\t\t\t<div class=\"col-inner\">\n\t\t\t<a href=\"https:\/\/mercedesviartola.com\/index.php\/2023\/07\/03\/desarrollar-la-propiocepcion-e-interocepcion\/\" class=\"plain\">\n\t\t\t\t<div class=\"box box-normal box-text-bottom box-blog-post has-hover\">\n            \t\t\t\t\t<div class=\"box-image\" >\n  \t\t\t\t\t\t<div class=\"image-cover\" style=\"padding-top:100%;\">\n  \t\t\t\t\t\t\t<img loading=\"lazy\" decoding=\"async\" width=\"300\" height=\"200\" src=\"https:\/\/mercedesviartola.com\/wp-content\/uploads\/2023\/04\/noah-silliman-gzhyKEo_cbU-unsplash-300x200.jpg\" class=\"attachment-medium size-medium wp-post-image\" alt=\"\" srcset=\"https:\/\/mercedesviartola.com\/wp-content\/uploads\/2023\/04\/noah-silliman-gzhyKEo_cbU-unsplash-300x200.jpg 300w, https:\/\/mercedesviartola.com\/wp-content\/uploads\/2023\/04\/noah-silliman-gzhyKEo_cbU-unsplash-1024x683.jpg 1024w, https:\/\/mercedesviartola.com\/wp-content\/uploads\/2023\/04\/noah-silliman-gzhyKEo_cbU-unsplash-768x512.jpg 768w, https:\/\/mercedesviartola.com\/wp-content\/uploads\/2023\/04\/noah-silliman-gzhyKEo_cbU-unsplash-1536x1024.jpg 1536w, https:\/\/mercedesviartola.com\/wp-content\/uploads\/2023\/04\/noah-silliman-gzhyKEo_cbU-unsplash-2048x1365.jpg 2048w\" sizes=\"auto, (max-width: 300px) 100vw, 300px\" \/>  \t\t\t\t\t\t\t  \t\t\t\t\t\t\t  \t\t\t\t\t\t<\/div>\n  \t\t\t\t\t\t  \t\t\t\t\t<\/div><!-- .box-image -->\n          \t\t\t\t\t<div class=\"box-text text-center\" >\n\t\t\t\t\t<div class=\"box-text-inner blog-post-inner\">\n\n\t\t\t\t\t\n\t\t\t\t\t\t\t\t\t\t<h5 class=\"post-title is-large \">Desarrollar la propiocepci\u00f3n e interocepci\u00f3n a trav\u00e9s del Yoga: Una conexi\u00f3n esencial con nuestro cuerpo<\/h5>\n\t\t\t\t\t\t\t\t\t\t<div class=\"is-divider\"><\/div>\n\t\t\t\t\t\t\t\t\t\t<p class=\"from_the_blog_excerpt \">La capacidad de percibir y comprender las se\u00f1ales internas y externas de nuestro cuerpo es [...]\t\t\t\t\t<\/p>\n\t\t\t\t\t                    \n\t\t\t\t\t\t\t\t\t\t\t<button href=\"https:\/\/mercedesviartola.com\/index.php\/2023\/07\/03\/desarrollar-la-propiocepcion-e-interocepcion\/\" class=\"button  is-outline is-small mb-0\">\n\t\t\t\t\t\t\tleer m\u00e1s\t\t\t\t\t\t<\/button>\n\t\t\t\t\t\n\t\t\t\t\t\n\t\t\t\t\t<\/div><!-- .box-text-inner -->\n\t\t\t\t\t<\/div><!-- .box-text -->\n\t\t\t\t\t\t\t\t\t<\/div><!-- .box -->\n\t\t\t\t<\/a><!-- .link -->\n\t\t\t<\/div><!-- .col-inner -->\n\t\t<\/div><!-- .col -->\n\t\t<div class=\"col post-item\" >\n\t\t\t<div class=\"col-inner\">\n\t\t\t<a href=\"https:\/\/mercedesviartola.com\/index.php\/2023\/04\/12\/que-es-el-yoga-sensible-al-trauma\/\" class=\"plain\">\n\t\t\t\t<div class=\"box box-normal box-text-bottom box-blog-post has-hover\">\n            \t\t\t\t\t<div class=\"box-image\" >\n  \t\t\t\t\t\t<div class=\"image-cover\" style=\"padding-top:100%;\">\n  \t\t\t\t\t\t\t<img loading=\"lazy\" decoding=\"async\" width=\"300\" height=\"225\" src=\"https:\/\/mercedesviartola.com\/wp-content\/uploads\/2023\/04\/stefano-zocca-LPUgZQLF7W4-unsplash-300x225.jpg\" class=\"attachment-medium size-medium wp-post-image\" alt=\"yoga sensible al trauma\" srcset=\"https:\/\/mercedesviartola.com\/wp-content\/uploads\/2023\/04\/stefano-zocca-LPUgZQLF7W4-unsplash-300x225.jpg 300w, https:\/\/mercedesviartola.com\/wp-content\/uploads\/2023\/04\/stefano-zocca-LPUgZQLF7W4-unsplash-1024x768.jpg 1024w, https:\/\/mercedesviartola.com\/wp-content\/uploads\/2023\/04\/stefano-zocca-LPUgZQLF7W4-unsplash-768x576.jpg 768w, https:\/\/mercedesviartola.com\/wp-content\/uploads\/2023\/04\/stefano-zocca-LPUgZQLF7W4-unsplash-1536x1152.jpg 1536w, https:\/\/mercedesviartola.com\/wp-content\/uploads\/2023\/04\/stefano-zocca-LPUgZQLF7W4-unsplash-2048x1536.jpg 2048w\" sizes=\"auto, (max-width: 300px) 100vw, 300px\" \/>  \t\t\t\t\t\t\t  \t\t\t\t\t\t\t  \t\t\t\t\t\t<\/div>\n  \t\t\t\t\t\t  \t\t\t\t\t<\/div><!-- .box-image -->\n          \t\t\t\t\t<div class=\"box-text text-center\" >\n\t\t\t\t\t<div class=\"box-text-inner blog-post-inner\">\n\n\t\t\t\t\t\n\t\t\t\t\t\t\t\t\t\t<h5 class=\"post-title is-large \">Qu\u00e9 es el yoga sensible al trauma<\/h5>\n\t\t\t\t\t\t\t\t\t\t<div class=\"is-divider\"><\/div>\n\t\t\t\t\t\t\t\t\t\t<p class=\"from_the_blog_excerpt \">El yoga sensible al trauma es una forma de yoga desarrollada por psic\u00f3logos, psiquiatras y [...]\t\t\t\t\t<\/p>\n\t\t\t\t\t                    \n\t\t\t\t\t\t\t\t\t\t\t<button href=\"https:\/\/mercedesviartola.com\/index.php\/2023\/04\/12\/que-es-el-yoga-sensible-al-trauma\/\" class=\"button  is-outline is-small mb-0\">\n\t\t\t\t\t\t\tleer m\u00e1s\t\t\t\t\t\t<\/button>\n\t\t\t\t\t\n\t\t\t\t\t\n\t\t\t\t\t<\/div><!-- .box-text-inner -->\n\t\t\t\t\t<\/div><!-- .box-text -->\n\t\t\t\t\t\t\t\t\t<\/div><!-- .box -->\n\t\t\t\t<\/a><!-- .link -->\n\t\t\t<\/div><!-- .col-inner -->\n\t\t<\/div><!-- .col -->\n\t\t<div class=\"col post-item\" >\n\t\t\t<div class=\"col-inner\">\n\t\t\t<a href=\"https:\/\/mercedesviartola.com\/index.php\/2023\/01\/26\/yoga-para-lesiones-patologias-y-desalineaciones-biomecanicas\/\" class=\"plain\">\n\t\t\t\t<div class=\"box box-normal box-text-bottom box-blog-post has-hover\">\n            \t\t\t\t\t<div class=\"box-image\" >\n  \t\t\t\t\t\t<div class=\"image-cover\" style=\"padding-top:100%;\">\n  \t\t\t\t\t\t\t<img loading=\"lazy\" decoding=\"async\" width=\"300\" height=\"187\" src=\"https:\/\/mercedesviartola.com\/wp-content\/uploads\/2023\/01\/harlie-raethel-ouyjDk-KdfY-unsplash-300x187.jpg\" class=\"attachment-medium size-medium wp-post-image\" alt=\"\" srcset=\"https:\/\/mercedesviartola.com\/wp-content\/uploads\/2023\/01\/harlie-raethel-ouyjDk-KdfY-unsplash-300x187.jpg 300w, https:\/\/mercedesviartola.com\/wp-content\/uploads\/2023\/01\/harlie-raethel-ouyjDk-KdfY-unsplash-1024x639.jpg 1024w, https:\/\/mercedesviartola.com\/wp-content\/uploads\/2023\/01\/harlie-raethel-ouyjDk-KdfY-unsplash-768x480.jpg 768w, https:\/\/mercedesviartola.com\/wp-content\/uploads\/2023\/01\/harlie-raethel-ouyjDk-KdfY-unsplash-1536x959.jpg 1536w, https:\/\/mercedesviartola.com\/wp-content\/uploads\/2023\/01\/harlie-raethel-ouyjDk-KdfY-unsplash-2048x1279.jpg 2048w\" sizes=\"auto, (max-width: 300px) 100vw, 300px\" \/>  \t\t\t\t\t\t\t  \t\t\t\t\t\t\t  \t\t\t\t\t\t<\/div>\n  \t\t\t\t\t\t  \t\t\t\t\t<\/div><!-- .box-image -->\n          \t\t\t\t\t<div class=\"box-text text-center\" >\n\t\t\t\t\t<div class=\"box-text-inner blog-post-inner\">\n\n\t\t\t\t\t\n\t\t\t\t\t\t\t\t\t\t<h5 class=\"post-title is-large \">Yoga para lesiones, patolog\u00edas y desalineaciones biomec\u00e1nicas.<\/h5>\n\t\t\t\t\t\t\t\t\t\t<div class=\"is-divider\"><\/div>\n\t\t\t\t\t\t\t\t\t\t<p class=\"from_the_blog_excerpt \">\u00bfQu\u00e9 es el Yoga para lesiones, patolog\u00edas y desalineaciones biomec\u00e1nicas? Todas las personas tenemos, en [...]\t\t\t\t\t<\/p>\n\t\t\t\t\t                    \n\t\t\t\t\t\t\t\t\t\t\t<button href=\"https:\/\/mercedesviartola.com\/index.php\/2023\/01\/26\/yoga-para-lesiones-patologias-y-desalineaciones-biomecanicas\/\" class=\"button  is-outline is-small mb-0\">\n\t\t\t\t\t\t\tleer m\u00e1s\t\t\t\t\t\t<\/button>\n\t\t\t\t\t\n\t\t\t\t\t\n\t\t\t\t\t<\/div><!-- .box-text-inner -->\n\t\t\t\t\t<\/div><!-- .box-text -->\n\t\t\t\t\t\t\t\t\t<\/div><!-- .box -->\n\t\t\t\t<\/a><!-- .link -->\n\t\t\t<\/div><!-- .col-inner -->\n\t\t<\/div><!-- .col -->\n<\/div>\n\n\n<\/div><\/div>\n\n<\/div>\n<div class=\"social-icons follow-icons full-width text-center\" ><span>Redes y contacto<\/span><a href=\"instagram.com\/mercedesviartola\" target=\"_blank\" rel=\"noopener noreferrer nofollow\" data-label=\"Instagram\" class=\"icon button circle is-outline  instagram tooltip\" title=\"S\u00edguenos en Instagram\"><i class=\"icon-instagram\" ><\/i><\/a><a href=\"mailto:hola@mercedesviartola.com\" data-label=\"E-mail\"  rel=\"nofollow\" class=\"icon button circle is-outline  email tooltip\" title=\"Env\u00edanos un email\"><i class=\"icon-envelop\" ><\/i><\/a><a href=\"linkedin.com\/mercedesviartola\" target=\"_blank\" rel=\"noopener noreferrer nofollow\" data-label=\"LinkedIn\" class=\"icon button circle is-outline  linkedin tooltip\" title=\"Follow on LinkedIn\"><i class=\"icon-linkedin\" ><\/i><\/a><\/div>\n\n\n              <\/div>\n           <\/div><!-- text-box-inner -->\n                            \n<style scope=\"scope\">\n\n#text-box-1387694240 {\n  width: 83%;\n}\n#text-box-1387694240 .text {\n  font-size: 100%;\n}\n<\/style>\n    <\/div><!-- text-box -->\n \n\n        <\/div><!-- .banner-layers -->\n      <\/div><!-- .banner-inner -->\n\n            \n<style scope=\"scope\">\n\n#banner-623712547 {\n  padding-top: 500px;\n  background-color: rgb(255,255,255);\n}\n<\/style>\n  <\/div><!-- .banner -->\n\n\n\n","protected":false},"excerpt":{"rendered":"","protected":false},"author":1,"featured_media":0,"parent":0,"menu_order":0,"comment_status":"closed","ping_status":"closed","template":"page-blank.php","meta":{"footnotes":""},"class_list":["post-6","page","type-page","status-publish","hentry"],"yoast_head":"<!-- This site is optimized with the Yoast SEO plugin v27.5 - https:\/\/yoast.com\/product\/yoast-seo-wordpress\/ -->\n<title>Home (not using) - Mercedes Viartola<\/title>\n<meta name=\"robots\" content=\"index, follow, max-snippet:-1, max-image-preview:large, max-video-preview:-1\" \/>\n<link rel=\"canonical\" href=\"https:\/\/mercedesviartola.com\/index.php\/home\/\" \/>\n<meta property=\"og:locale\" content=\"es_ES\" \/>\n<meta property=\"og:type\" content=\"article\" \/>\n<meta property=\"og:title\" content=\"Home (not using) - Mercedes Viartola\" \/>\n<meta property=\"og:url\" content=\"https:\/\/mercedesviartola.com\/index.php\/home\/\" \/>\n<meta property=\"og:site_name\" content=\"Mercedes Viartola\" \/>\n<meta property=\"article:modified_time\" content=\"2022-05-24T16:27:29+00:00\" \/>\n<meta name=\"twitter:card\" content=\"summary_large_image\" \/>\n<meta name=\"twitter:label1\" content=\"Tiempo de lectura\" \/>\n\t<meta name=\"twitter:data1\" content=\"1 minuto\" \/>\n<script type=\"application\/ld+json\" class=\"yoast-schema-graph\">{\"@context\":\"https:\\\/\\\/schema.org\",\"@graph\":[{\"@type\":\"WebPage\",\"@id\":\"https:\\\/\\\/mercedesviartola.com\\\/index.php\\\/home\\\/\",\"url\":\"https:\\\/\\\/mercedesviartola.com\\\/index.php\\\/home\\\/\",\"name\":\"Home (not using) - Mercedes Viartola\",\"isPartOf\":{\"@id\":\"https:\\\/\\\/mercedesviartola.com\\\/#website\"},\"datePublished\":\"2022-04-01T10:36:52+00:00\",\"dateModified\":\"2022-05-24T16:27:29+00:00\",\"breadcrumb\":{\"@id\":\"https:\\\/\\\/mercedesviartola.com\\\/index.php\\\/home\\\/#breadcrumb\"},\"inLanguage\":\"es\",\"potentialAction\":[{\"@type\":\"ReadAction\",\"target\":[\"https:\\\/\\\/mercedesviartola.com\\\/index.php\\\/home\\\/\"]}]},{\"@type\":\"BreadcrumbList\",\"@id\":\"https:\\\/\\\/mercedesviartola.com\\\/index.php\\\/home\\\/#breadcrumb\",\"itemListElement\":[{\"@type\":\"ListItem\",\"position\":1,\"name\":\"Portada\",\"item\":\"https:\\\/\\\/mercedesviartola.com\\\/\"},{\"@type\":\"ListItem\",\"position\":2,\"name\":\"Home (not using)\"}]},{\"@type\":\"WebSite\",\"@id\":\"https:\\\/\\\/mercedesviartola.com\\\/#website\",\"url\":\"https:\\\/\\\/mercedesviartola.com\\\/\",\"name\":\"Mercedes Viartola\",\"description\":\"Yoga para habitar el cuerpo\",\"potentialAction\":[{\"@type\":\"SearchAction\",\"target\":{\"@type\":\"EntryPoint\",\"urlTemplate\":\"https:\\\/\\\/mercedesviartola.com\\\/?s={search_term_string}\"},\"query-input\":{\"@type\":\"PropertyValueSpecification\",\"valueRequired\":true,\"valueName\":\"search_term_string\"}}],\"inLanguage\":\"es\"}]}<\/script>\n<!-- \/ Yoast SEO plugin. -->","yoast_head_json":{"title":"Home (not using) - Mercedes Viartola","robots":{"index":"index","follow":"follow","max-snippet":"max-snippet:-1","max-image-preview":"max-image-preview:large","max-video-preview":"max-video-preview:-1"},"canonical":"https:\/\/mercedesviartola.com\/index.php\/home\/","og_locale":"es_ES","og_type":"article","og_title":"Home (not using) - Mercedes Viartola","og_url":"https:\/\/mercedesviartola.com\/index.php\/home\/","og_site_name":"Mercedes Viartola","article_modified_time":"2022-05-24T16:27:29+00:00","twitter_card":"summary_large_image","twitter_misc":{"Tiempo de lectura":"1 minuto"},"schema":{"@context":"https:\/\/schema.org","@graph":[{"@type":"WebPage","@id":"https:\/\/mercedesviartola.com\/index.php\/home\/","url":"https:\/\/mercedesviartola.com\/index.php\/home\/","name":"Home (not using) - Mercedes Viartola","isPartOf":{"@id":"https:\/\/mercedesviartola.com\/#website"},"datePublished":"2022-04-01T10:36:52+00:00","dateModified":"2022-05-24T16:27:29+00:00","breadcrumb":{"@id":"https:\/\/mercedesviartola.com\/index.php\/home\/#breadcrumb"},"inLanguage":"es","potentialAction":[{"@type":"ReadAction","target":["https:\/\/mercedesviartola.com\/index.php\/home\/"]}]},{"@type":"BreadcrumbList","@id":"https:\/\/mercedesviartola.com\/index.php\/home\/#breadcrumb","itemListElement":[{"@type":"ListItem","position":1,"name":"Portada","item":"https:\/\/mercedesviartola.com\/"},{"@type":"ListItem","position":2,"name":"Home (not using)"}]},{"@type":"WebSite","@id":"https:\/\/mercedesviartola.com\/#website","url":"https:\/\/mercedesviartola.com\/","name":"Mercedes Viartola","description":"Yoga para habitar el cuerpo","potentialAction":[{"@type":"SearchAction","target":{"@type":"EntryPoint","urlTemplate":"https:\/\/mercedesviartola.com\/?s={search_term_string}"},"query-input":{"@type":"PropertyValueSpecification","valueRequired":true,"valueName":"search_term_string"}}],"inLanguage":"es"}]}},"_links":{"self":[{"href":"https:\/\/mercedesviartola.com\/index.php\/wp-json\/wp\/v2\/pages\/6","targetHints":{"allow":["GET"]}}],"collection":[{"href":"https:\/\/mercedesviartola.com\/index.php\/wp-json\/wp\/v2\/pages"}],"about":[{"href":"https:\/\/mercedesviartola.com\/index.php\/wp-json\/wp\/v2\/types\/page"}],"author":[{"embeddable":true,"href":"https:\/\/mercedesviartola.com\/index.php\/wp-json\/wp\/v2\/users\/1"}],"replies":[{"embeddable":true,"href":"https:\/\/mercedesviartola.com\/index.php\/wp-json\/wp\/v2\/comments?post=6"}],"version-history":[{"count":11,"href":"https:\/\/mercedesviartola.com\/index.php\/wp-json\/wp\/v2\/pages\/6\/revisions"}],"predecessor-version":[{"id":540,"href":"https:\/\/mercedesviartola.com\/index.php\/wp-json\/wp\/v2\/pages\/6\/revisions\/540"}],"wp:attachment":[{"href":"https:\/\/mercedesviartola.com\/index.php\/wp-json\/wp\/v2\/media?parent=6"}],"curies":[{"name":"wp","href":"https:\/\/api.w.org\/{rel}","templated":true}]}}